{"id":1959,"date":"2026-03-31T13:10:00","date_gmt":"2026-03-31T13:10:00","guid":{"rendered":"https:\/\/miauka.rkinformatika.online\/?page_id=1959"},"modified":"2026-04-01T15:25:07","modified_gmt":"2026-04-01T15:25:07","slug":"hotel","status":"publish","type":"page","link":"https:\/\/miauka.com\/eu\/hotel\/","title":{"rendered":"Hotel"},"content":{"rendered":"<div data-elementor-type=\"wp-page\" data-elementor-id=\"1959\" class=\"elementor elementor-1959\" data-elementor-post-type=\"page\">\n\t\t\t\t<div class=\"elementor-element elementor-element-8342592 e-flex e-con-boxed e-con e-parent\" data-id=\"8342592\" data-element_type=\"container\" data-e-type=\"container\" data-settings=\"{&quot;background_background&quot;:&quot;classic&quot;}\">\n\t\t\t\t\t<div class=\"e-con-inner\">\n\t\t<div class=\"elementor-element elementor-element-e04d9a4 e-con-full e-flex e-con e-child\" data-id=\"e04d9a4\" data-element_type=\"container\" data-e-type=\"container\">\n\t\t\t\t<div class=\"elementor-element elementor-element-74079c2 elementor-widget elementor-widget-heading\" data-id=\"74079c2\" data-element_type=\"widget\" data-e-type=\"widget\" data-widget_type=\"heading.default\">\n\t\t\t\t\t<h2 class=\"elementor-heading-title elementor-size-default\">Hotel<\/h2>\t\t\t\t<\/div>\n\t\t\t\t<div class=\"elementor-element elementor-element-86cc5e2 elementor-widget elementor-widget-text-editor\" data-id=\"86cc5e2\" data-element_type=\"widget\" data-e-type=\"widget\" data-widget_type=\"text-editor.default\">\n\t\t\t\t\t\t\t\t\t<p>Alojamiento respetuoso para gatos<\/p>\t\t\t\t\t\t\t\t<\/div>\n\t\t<div class=\"elementor-element elementor-element-cd7a07a e-con-full e-flex e-con e-child\" data-id=\"cd7a07a\" data-element_type=\"container\" data-e-type=\"container\">\n\t\t\t\t<div class=\"elementor-element elementor-element-d73ed4d elementor-widget__width-initial elementor-widget elementor-widget-heading\" data-id=\"d73ed4d\" data-element_type=\"widget\" data-e-type=\"widget\" data-widget_type=\"heading.default\">\n\t\t\t\t\t<h2 class=\"elementor-heading-title elementor-size-default\">CONOCE EL HOTEL<\/h2>\t\t\t\t<\/div>\n\t\t\t\t<div class=\"elementor-element elementor-element-20928f9 elementor-widget__width-initial elementor-widget elementor-widget-heading\" data-id=\"20928f9\" data-element_type=\"widget\" data-e-type=\"widget\" data-widget_type=\"heading.default\">\n\t\t\t\t\t<h2 class=\"elementor-heading-title elementor-size-default\">ESTANCIAS Y TAR\u00cdFAS<\/h2>\t\t\t\t<\/div>\n\t\t\t\t<div class=\"elementor-element elementor-element-516c8bc elementor-widget__width-initial elementor-widget elementor-widget-heading\" data-id=\"516c8bc\" data-element_type=\"widget\" data-e-type=\"widget\" data-widget_type=\"heading.default\">\n\t\t\t\t\t<h2 class=\"elementor-heading-title elementor-size-default\">INSTALACIONES<\/h2>\t\t\t\t<\/div>\n\t\t\t\t<div class=\"elementor-element elementor-element-99b90ec elementor-widget__width-initial elementor-widget elementor-widget-heading\" data-id=\"99b90ec\" data-element_type=\"widget\" data-e-type=\"widget\" data-widget_type=\"heading.default\">\n\t\t\t\t\t<h2 class=\"elementor-heading-title elementor-size-default\">CONDIONES<\/h2>\t\t\t\t<\/div>\n\t\t\t\t<\/div>\n\t\t\t\t<\/div>\n\t\t\t\t\t<\/div>\n\t\t\t\t<\/div>\n\t\t<div class=\"elementor-element elementor-element-ef6c40f e-flex e-con-boxed e-con e-parent\" data-id=\"ef6c40f\" data-element_type=\"container\" data-e-type=\"container\" data-settings=\"{&quot;background_background&quot;:&quot;classic&quot;}\">\n\t\t\t\t\t<div class=\"e-con-inner\">\n\t\t<div class=\"elementor-element elementor-element-cb8846d e-con-full e-flex e-con e-child\" data-id=\"cb8846d\" data-element_type=\"container\" data-e-type=\"container\">\n\t\t\t\t<div class=\"elementor-element elementor-element-b36ab32 elementor-widget elementor-widget-image\" data-id=\"b36ab32\" data-element_type=\"widget\" data-e-type=\"widget\" data-widget_type=\"image.default\">\n\t\t\t\t\t\t\t\t\t\t\t\t\t\t\t<img fetchpriority=\"high\" decoding=\"async\" width=\"800\" height=\"800\" src=\"https:\/\/miauka.com\/wp-content\/uploads\/2026\/04\/401812696_17903479925882948_3467130224357547860_n-1024x1024.jpg\" class=\"attachment-large size-large wp-image-2471\" alt=\"\" srcset=\"https:\/\/miauka.com\/wp-content\/uploads\/2026\/04\/401812696_17903479925882948_3467130224357547860_n-1024x1024.jpg 1024w, https:\/\/miauka.com\/wp-content\/uploads\/2026\/04\/401812696_17903479925882948_3467130224357547860_n-300x300.jpg 300w, https:\/\/miauka.com\/wp-content\/uploads\/2026\/04\/401812696_17903479925882948_3467130224357547860_n-150x150.jpg 150w, https:\/\/miauka.com\/wp-content\/uploads\/2026\/04\/401812696_17903479925882948_3467130224357547860_n-768x769.jpg 768w, https:\/\/miauka.com\/wp-content\/uploads\/2026\/04\/401812696_17903479925882948_3467130224357547860_n-12x12.jpg 12w, https:\/\/miauka.com\/wp-content\/uploads\/2026\/04\/401812696_17903479925882948_3467130224357547860_n-600x600.jpg 600w, https:\/\/miauka.com\/wp-content\/uploads\/2026\/04\/401812696_17903479925882948_3467130224357547860_n-100x100.jpg 100w, https:\/\/miauka.com\/wp-content\/uploads\/2026\/04\/401812696_17903479925882948_3467130224357547860_n.jpg 1440w\" sizes=\"(max-width: 800px) 100vw, 800px\" \/>\t\t\t\t\t\t\t\t\t\t\t\t\t\t\t<\/div>\n\t\t\t\t<\/div>\n\t\t<div class=\"elementor-element elementor-element-1094bcd e-con-full e-flex e-con e-child\" data-id=\"1094bcd\" data-element_type=\"container\" data-e-type=\"container\">\n\t\t\t\t<div class=\"elementor-element elementor-element-d43a8e0 elementor-widget elementor-widget-heading\" data-id=\"d43a8e0\" data-element_type=\"widget\" data-e-type=\"widget\" data-widget_type=\"heading.default\">\n\t\t\t\t\t<h2 class=\"elementor-heading-title elementor-size-default\">CONOCE EL HOTEL<\/h2>\t\t\t\t<\/div>\n\t\t\t\t<div class=\"elementor-element elementor-element-8ebe5f3 elementor-widget elementor-widget-text-editor\" data-id=\"8ebe5f3\" data-element_type=\"widget\" data-e-type=\"widget\" data-widget_type=\"text-editor.default\">\n\t\t\t\t\t\t\t\t\t<p>Es un espacio hecho con todo el amor del mundo para que tu gato se sientan como en casa y vosotros pod\u00e1is marcharos tranquilos, sabiendo que vuestro gato estar\u00e1 a gusto. Esta opcion no es apta para todos los gatos, se hara una evaluaci\u00f3n previa.<\/p><p>La GatoCaseta fomenta mucho el enriquecimiento ambiental de forma natural, es decir, usamos troncos, arboles, ramas, palos, pi\u00f1as&#8230; todo lo que un gato tendr\u00eda si viviese en la naturaleza, para mejorar as\u00ed sus habilidades cognitivas, visuales y ense\u00f1arle nuevas sensaciones de tacto y olores.<\/p>\t\t\t\t\t\t\t\t<\/div>\n\t\t\t\t<\/div>\n\t\t\t\t\t<\/div>\n\t\t\t\t<\/div>\n\t\t<div class=\"elementor-element elementor-element-d94a304 e-flex e-con-boxed e-con e-parent\" data-id=\"d94a304\" data-element_type=\"container\" data-e-type=\"container\" data-settings=\"{&quot;background_background&quot;:&quot;classic&quot;}\">\n\t\t\t\t\t<div class=\"e-con-inner\">\n\t\t\t\t<div class=\"elementor-element elementor-element-01c3ebb elementor-widget elementor-widget-heading\" data-id=\"01c3ebb\" data-element_type=\"widget\" data-e-type=\"widget\" data-widget_type=\"heading.default\">\n\t\t\t\t\t<h2 class=\"elementor-heading-title elementor-size-default\">TIPOS DE ESTANCIA<\/h2>\t\t\t\t<\/div>\n\t\t<div class=\"elementor-element elementor-element-802a848 e-con-full e-flex e-con e-child\" data-id=\"802a848\" data-element_type=\"container\" data-e-type=\"container\">\n\t\t\t\t<div class=\"elementor-element elementor-element-2a2953e elementor-widget__width-initial elementor-widget elementor-widget-heading\" data-id=\"2a2953e\" data-element_type=\"widget\" data-e-type=\"widget\" data-widget_type=\"heading.default\">\n\t\t\t\t\t<h2 class=\"elementor-heading-title elementor-size-default\">ESTANDAR<\/h2>\t\t\t\t<\/div>\n\t\t\t\t<div class=\"elementor-element elementor-element-8e9fda4 elementor-widget__width-initial elementor-widget elementor-widget-heading\" data-id=\"8e9fda4\" data-element_type=\"widget\" data-e-type=\"widget\" data-widget_type=\"heading.default\">\n\t\t\t\t\t<h2 class=\"elementor-heading-title elementor-size-default\">SUIT<\/h2>\t\t\t\t<\/div>\n\t\t\t\t<div class=\"elementor-element elementor-element-60fe078 elementor-widget__width-initial elementor-widget elementor-widget-heading\" data-id=\"60fe078\" data-element_type=\"widget\" data-e-type=\"widget\" data-widget_type=\"heading.default\">\n\t\t\t\t\t<h2 class=\"elementor-heading-title elementor-size-default\">DOBLE SUIT<\/h2>\t\t\t\t<\/div>\n\t\t\t\t<div class=\"elementor-element elementor-element-4adbe29 elementor-widget__width-initial elementor-widget elementor-widget-heading\" data-id=\"4adbe29\" data-element_type=\"widget\" data-e-type=\"widget\" data-widget_type=\"heading.default\">\n\t\t\t\t\t<h2 class=\"elementor-heading-title elementor-size-default\">PREMIUM<\/h2>\t\t\t\t<\/div>\n\t\t\t\t<div class=\"elementor-element elementor-element-f144d43 elementor-widget__width-initial elementor-widget elementor-widget-heading\" data-id=\"f144d43\" data-element_type=\"widget\" data-e-type=\"widget\" data-widget_type=\"heading.default\">\n\t\t\t\t\t<h2 class=\"elementor-heading-title elementor-size-default\">GATITO BEBE<\/h2>\t\t\t\t<\/div>\n\t\t\t\t<\/div>\n\t\t\t\t\t<\/div>\n\t\t\t\t<\/div>\n\t\t<div class=\"elementor-element elementor-element-ef543eb e-flex e-con-boxed e-con e-parent\" data-id=\"ef543eb\" data-element_type=\"container\" data-e-type=\"container\" data-settings=\"{&quot;background_background&quot;:&quot;classic&quot;}\">\n\t\t\t\t\t<div class=\"e-con-inner\">\n\t\t<div class=\"elementor-element elementor-element-b204555 e-con-full e-flex e-con e-child\" data-id=\"b204555\" data-element_type=\"container\" data-e-type=\"container\">\n\t\t\t\t<div class=\"elementor-element elementor-element-e7cb2b0 elementor-widget elementor-widget-heading\" data-id=\"e7cb2b0\" data-element_type=\"widget\" data-e-type=\"widget\" data-widget_type=\"heading.default\">\n\t\t\t\t\t<h2 class=\"elementor-heading-title elementor-size-default\">INSTALACIONES<\/h2>\t\t\t\t<\/div>\n\t\t\t\t<\/div>\n\t\t<div class=\"elementor-element elementor-element-4c22ebf e-con-full e-flex e-con e-child\" data-id=\"4c22ebf\" data-element_type=\"container\" data-e-type=\"container\">\n\t\t\t\t<div class=\"elementor-element elementor-element-2f7bb45 elementor-widget elementor-widget-heading\" data-id=\"2f7bb45\" data-element_type=\"widget\" data-e-type=\"widget\" data-widget_type=\"heading.default\">\n\t\t\t\t\t<h2 class=\"elementor-heading-title elementor-size-default\">Habitaciones<\/h2>\t\t\t\t<\/div>\n\t\t\t\t<div class=\"elementor-element elementor-element-5184bf1 elementor-widget elementor-widget-text-editor\" data-id=\"5184bf1\" data-element_type=\"widget\" data-e-type=\"widget\" data-widget_type=\"text-editor.default\">\n\t\t\t\t\t\t\t\t\t<ul><li data-section-id=\"19w10l4\" data-start=\"0\" data-end=\"71\">4 habitaciones disponibles, con capacidad para 2 gatos en cada una.<\/li><li data-section-id=\"15g0rjr\" data-start=\"72\" data-end=\"194\">Para familias numerosas de m\u00e1s de 2 gatos, las habitaciones se pueden conectar para que no tengan que estar separados.<\/li><li data-section-id=\"kis1pf\" data-start=\"195\" data-end=\"290\">Todas las habitaciones est\u00e1n equipadas con comederos, arenero, rascador, camita y juguetes.<\/li><li data-section-id=\"9dzenk\" data-start=\"291\" data-end=\"412\">Aun as\u00ed, es recomendable traer sus propias cosas para facilitar la adaptaci\u00f3n y que se sientan m\u00e1s c\u00f3modos y seguros.<\/li><li data-section-id=\"1osws9w\" data-start=\"413\" data-end=\"531\">Todas las habitaciones cuentan con un peque\u00f1o balc\u00f3n protegido y vallado, con acceso directo y libre las 24 horas.<\/li><li data-section-id=\"weadoa\" data-start=\"532\" data-end=\"611\">Una de las habitaciones dispone adem\u00e1s de una ventana con vistas al bosque.<\/li><\/ul>\t\t\t\t\t\t\t\t<\/div>\n\t\t\t\t<\/div>\n\t\t<div class=\"elementor-element elementor-element-8cb1acf e-con-full e-flex e-con e-child\" data-id=\"8cb1acf\" data-element_type=\"container\" data-e-type=\"container\">\n\t\t<div class=\"elementor-element elementor-element-2fba0dc e-con-full e-flex e-con e-child\" data-id=\"2fba0dc\" data-element_type=\"container\" data-e-type=\"container\">\n\t\t\t\t<div class=\"elementor-element elementor-element-c064b0c elementor-widget elementor-widget-heading\" data-id=\"c064b0c\" data-element_type=\"widget\" data-e-type=\"widget\" data-widget_type=\"heading.default\">\n\t\t\t\t\t<h2 class=\"elementor-heading-title elementor-size-default\">Balc\u00f3n<\/h2>\t\t\t\t<\/div>\n\t\t\t\t<div class=\"elementor-element elementor-element-005169d elementor-widget elementor-widget-text-editor\" data-id=\"005169d\" data-element_type=\"widget\" data-e-type=\"widget\" data-widget_type=\"text-editor.default\">\n\t\t\t\t\t\t\t\t\t<p>Cada habitaci\u00f3n dispone de su propio balconcito protegido y cubierto donde poder tomar el fresco.<\/p>\t\t\t\t\t\t\t\t<\/div>\n\t\t\t\t<\/div>\n\t\t<div class=\"elementor-element elementor-element-00e3f40 e-con-full e-flex e-con e-child\" data-id=\"00e3f40\" data-element_type=\"container\" data-e-type=\"container\">\n\t\t\t\t<div class=\"elementor-element elementor-element-e699211 elementor-widget elementor-widget-heading\" data-id=\"e699211\" data-element_type=\"widget\" data-e-type=\"widget\" data-widget_type=\"heading.default\">\n\t\t\t\t\t<h2 class=\"elementor-heading-title elementor-size-default\">Zona de Juegos<\/h2>\t\t\t\t<\/div>\n\t\t\t\t<div class=\"elementor-element elementor-element-7fc9b75 elementor-widget elementor-widget-text-editor\" data-id=\"7fc9b75\" data-element_type=\"widget\" data-e-type=\"widget\" data-widget_type=\"text-editor.default\">\n\t\t\t\t\t\t\t\t\t<p><strong>Interior<\/strong>: Peque\u00f1a zona de juegos com\u00fan, para los gatitos m\u00e1s timidos o para los dias de peor tiempo.<br \/><strong>Exterior<\/strong>: es<\/p>\t\t\t\t\t\t\t\t<\/div>\n\t\t\t\t<\/div>\n\t\t\t\t<\/div>\n\t\t\t\t\t<\/div>\n\t\t\t\t<\/div>\n\t\t<div class=\"elementor-element elementor-element-5a0530a e-flex e-con-boxed e-con e-parent\" data-id=\"5a0530a\" data-element_type=\"container\" data-e-type=\"container\">\n\t\t\t\t\t<div class=\"e-con-inner\">\n\t\t<div class=\"elementor-element elementor-element-2b6a0bf e-con-full e-flex e-con e-child\" data-id=\"2b6a0bf\" data-element_type=\"container\" data-e-type=\"container\" data-settings=\"{&quot;background_background&quot;:&quot;classic&quot;}\">\n\t\t\t\t<div class=\"elementor-element elementor-element-2e6becb elementor-widget elementor-widget-heading\" data-id=\"2e6becb\" data-element_type=\"widget\" data-e-type=\"widget\" data-widget_type=\"heading.default\">\n\t\t\t\t\t<h2 class=\"elementor-heading-title elementor-size-default\">ASESORIA ONLINE<\/h2>\t\t\t\t<\/div>\n\t\t\t\t<div class=\"elementor-element elementor-element-e3133dc elementor-widget elementor-widget-heading\" data-id=\"e3133dc\" data-element_type=\"widget\" data-e-type=\"widget\" data-widget_type=\"heading.default\">\n\t\t\t\t\t<h2 class=\"elementor-heading-title elementor-size-default\">Consulta online de comportamiento felino \ud83d\udc3e<\/h2>\t\t\t\t<\/div>\n\t\t\t\t<div class=\"elementor-element elementor-element-920e1ab elementor-widget elementor-widget-text-editor\" data-id=\"920e1ab\" data-element_type=\"widget\" data-e-type=\"widget\" data-widget_type=\"text-editor.default\">\n\t\t\t\t\t\t\t\t\t<p>Mi objetivo es ayudarte a entender a tu gato y mejorar vuestra convivencia desde el respeto, la calma y la comprensi\u00f3n de su naturaleza.<\/p>\t\t\t\t\t\t\t\t<\/div>\n\t\t\t\t<div class=\"elementor-element elementor-element-888d9ff elementor-widget elementor-widget-button\" data-id=\"888d9ff\" data-element_type=\"widget\" data-e-type=\"widget\" data-widget_type=\"button.default\">\n\t\t\t\t\t\t\t\t\t\t<a class=\"elementor-button elementor-button-link elementor-size-sm elementor-animation-wobble-horizontal\" href=\"https:\/\/wa.link\/u76c6r\" target=\"_blank\">\n\t\t\t\t\t\t<span class=\"elementor-button-content-wrapper\">\n\t\t\t\t\t\t\t\t\t<span class=\"elementor-button-text\">contactame<\/span>\n\t\t\t\t\t<\/span>\n\t\t\t\t\t<\/a>\n\t\t\t\t\t\t\t\t<\/div>\n\t\t\t\t<\/div>\n\t\t\t\t\t<\/div>\n\t\t\t\t<\/div>\n\t\t\t\t<\/div>","protected":false},"excerpt":{"rendered":"<p>Hotel Alojamiento respetuoso para gatos CONOCE EL HOTEL ESTANCIAS Y TAR\u00cdFAS INSTALACIONES CONDIONES CONOCE EL HOTEL Es un espacio hecho con todo el amor del mundo para que tu gato se sientan como en casa y vosotros pod\u00e1is marcharos tranquilos, sabiendo que vuestro gato estar\u00e1 a gusto. Esta opcion no es apta para todos los [&hellip;]<\/p>\n","protected":false},"author":1,"featured_media":0,"parent":0,"menu_order":0,"comment_status":"closed","ping_status":"closed","template":"elementor_canvas","meta":{"footnotes":""},"class_list":["post-1959","page","type-page","status-publish","hentry"],"yoast_head":"<!-- This site is optimized with the Yoast SEO plugin v27.5 - https:\/\/yoast.com\/product\/yoast-seo-wordpress\/ -->\n<title>Hotel - Miauka<\/title>\n<meta name=\"robots\" content=\"index, follow, max-snippet:-1, max-image-preview:large, max-video-preview:-1\" \/>\n<link rel=\"canonical\" href=\"https:\/\/miauka.com\/eu\/hotel\/\" \/>\n<meta property=\"og:locale\" content=\"en_US\" \/>\n<meta property=\"og:type\" content=\"article\" \/>\n<meta property=\"og:title\" content=\"Hotel - Miauka\" \/>\n<meta property=\"og:description\" content=\"Hotel Alojamiento respetuoso para gatos CONOCE EL HOTEL ESTANCIAS Y TAR\u00cdFAS INSTALACIONES CONDIONES CONOCE EL HOTEL Es un espacio hecho con todo el amor del mundo para que tu gato se sientan como en casa y vosotros pod\u00e1is marcharos tranquilos, sabiendo que vuestro gato estar\u00e1 a gusto. Esta opcion no es apta para todos los [&hellip;]\" \/>\n<meta property=\"og:url\" content=\"https:\/\/miauka.com\/eu\/hotel\/\" \/>\n<meta property=\"og:site_name\" content=\"Miauka\" \/>\n<meta property=\"article:modified_time\" content=\"2026-04-01T15:25:07+00:00\" \/>\n<meta property=\"og:image\" content=\"https:\/\/miauka.com\/wp-content\/uploads\/2026\/04\/401812696_17903479925882948_3467130224357547860_n-1024x1024.jpg\" \/>\n<meta name=\"twitter:card\" content=\"summary_large_image\" \/>\n<meta name=\"twitter:label1\" content=\"Est. reading time\" \/>\n\t<meta name=\"twitter:data1\" content=\"2 minutua\" \/>\n<script type=\"application\/ld+json\" class=\"yoast-schema-graph\">{\"@context\":\"https:\\\/\\\/schema.org\",\"@graph\":[{\"@type\":\"WebPage\",\"@id\":\"https:\\\/\\\/miauka.com\\\/hotel\\\/\",\"url\":\"https:\\\/\\\/miauka.com\\\/hotel\\\/\",\"name\":\"Hotel - Miauka\",\"isPartOf\":{\"@id\":\"https:\\\/\\\/miauka.com\\\/#website\"},\"primaryImageOfPage\":{\"@id\":\"https:\\\/\\\/miauka.com\\\/hotel\\\/#primaryimage\"},\"image\":{\"@id\":\"https:\\\/\\\/miauka.com\\\/hotel\\\/#primaryimage\"},\"thumbnailUrl\":\"https:\\\/\\\/miauka.com\\\/wp-content\\\/uploads\\\/2026\\\/04\\\/401812696_17903479925882948_3467130224357547860_n-1024x1024.jpg\",\"datePublished\":\"2026-03-31T13:10:00+00:00\",\"dateModified\":\"2026-04-01T15:25:07+00:00\",\"breadcrumb\":{\"@id\":\"https:\\\/\\\/miauka.com\\\/hotel\\\/#breadcrumb\"},\"inLanguage\":\"eu\",\"potentialAction\":[{\"@type\":\"ReadAction\",\"target\":[\"https:\\\/\\\/miauka.com\\\/hotel\\\/\"]}]},{\"@type\":\"ImageObject\",\"inLanguage\":\"eu\",\"@id\":\"https:\\\/\\\/miauka.com\\\/hotel\\\/#primaryimage\",\"url\":\"https:\\\/\\\/miauka.com\\\/wp-content\\\/uploads\\\/2026\\\/04\\\/401812696_17903479925882948_3467130224357547860_n-1024x1024.jpg\",\"contentUrl\":\"https:\\\/\\\/miauka.com\\\/wp-content\\\/uploads\\\/2026\\\/04\\\/401812696_17903479925882948_3467130224357547860_n-1024x1024.jpg\"},{\"@type\":\"BreadcrumbList\",\"@id\":\"https:\\\/\\\/miauka.com\\\/hotel\\\/#breadcrumb\",\"itemListElement\":[{\"@type\":\"ListItem\",\"position\":1,\"name\":\"Portada\",\"item\":\"https:\\\/\\\/miauka.com\\\/\"},{\"@type\":\"ListItem\",\"position\":2,\"name\":\"Hotel\"}]},{\"@type\":\"WebSite\",\"@id\":\"https:\\\/\\\/miauka.com\\\/#website\",\"url\":\"https:\\\/\\\/miauka.com\\\/\",\"name\":\"Miauka\",\"description\":\"\",\"publisher\":{\"@id\":\"https:\\\/\\\/miauka.com\\\/#organization\"},\"potentialAction\":[{\"@type\":\"SearchAction\",\"target\":{\"@type\":\"EntryPoint\",\"urlTemplate\":\"https:\\\/\\\/miauka.com\\\/?s={search_term_string}\"},\"query-input\":{\"@type\":\"PropertyValueSpecification\",\"valueRequired\":true,\"valueName\":\"search_term_string\"}}],\"inLanguage\":\"eu\"},{\"@type\":\"Organization\",\"@id\":\"https:\\\/\\\/miauka.com\\\/#organization\",\"name\":\"Miauka\",\"url\":\"https:\\\/\\\/miauka.com\\\/\",\"logo\":{\"@type\":\"ImageObject\",\"inLanguage\":\"eu\",\"@id\":\"https:\\\/\\\/miauka.com\\\/#\\\/schema\\\/logo\\\/image\\\/\",\"url\":\"https:\\\/\\\/miauka.com\\\/wp-content\\\/uploads\\\/2026\\\/03\\\/cropped-1.png\",\"contentUrl\":\"https:\\\/\\\/miauka.com\\\/wp-content\\\/uploads\\\/2026\\\/03\\\/cropped-1.png\",\"width\":2000,\"height\":574,\"caption\":\"Miauka\"},\"image\":{\"@id\":\"https:\\\/\\\/miauka.com\\\/#\\\/schema\\\/logo\\\/image\\\/\"}}]}<\/script>\n<!-- \/ Yoast SEO plugin. -->","yoast_head_json":{"title":"Hotel - Miauka","robots":{"index":"index","follow":"follow","max-snippet":"max-snippet:-1","max-image-preview":"max-image-preview:large","max-video-preview":"max-video-preview:-1"},"canonical":"https:\/\/miauka.com\/eu\/hotel\/","og_locale":"en_US","og_type":"article","og_title":"Hotel - Miauka","og_description":"Hotel Alojamiento respetuoso para gatos CONOCE EL HOTEL ESTANCIAS Y TAR\u00cdFAS INSTALACIONES CONDIONES CONOCE EL HOTEL Es un espacio hecho con todo el amor del mundo para que tu gato se sientan como en casa y vosotros pod\u00e1is marcharos tranquilos, sabiendo que vuestro gato estar\u00e1 a gusto. Esta opcion no es apta para todos los [&hellip;]","og_url":"https:\/\/miauka.com\/eu\/hotel\/","og_site_name":"Miauka","article_modified_time":"2026-04-01T15:25:07+00:00","og_image":[{"url":"https:\/\/miauka.com\/wp-content\/uploads\/2026\/04\/401812696_17903479925882948_3467130224357547860_n-1024x1024.jpg","type":"","width":"","height":""}],"twitter_card":"summary_large_image","twitter_misc":{"Est. reading time":"2 minutua"},"schema":{"@context":"https:\/\/schema.org","@graph":[{"@type":"WebPage","@id":"https:\/\/miauka.com\/hotel\/","url":"https:\/\/miauka.com\/hotel\/","name":"Hotel - Miauka","isPartOf":{"@id":"https:\/\/miauka.com\/#website"},"primaryImageOfPage":{"@id":"https:\/\/miauka.com\/hotel\/#primaryimage"},"image":{"@id":"https:\/\/miauka.com\/hotel\/#primaryimage"},"thumbnailUrl":"https:\/\/miauka.com\/wp-content\/uploads\/2026\/04\/401812696_17903479925882948_3467130224357547860_n-1024x1024.jpg","datePublished":"2026-03-31T13:10:00+00:00","dateModified":"2026-04-01T15:25:07+00:00","breadcrumb":{"@id":"https:\/\/miauka.com\/hotel\/#breadcrumb"},"inLanguage":"eu","potentialAction":[{"@type":"ReadAction","target":["https:\/\/miauka.com\/hotel\/"]}]},{"@type":"ImageObject","inLanguage":"eu","@id":"https:\/\/miauka.com\/hotel\/#primaryimage","url":"https:\/\/miauka.com\/wp-content\/uploads\/2026\/04\/401812696_17903479925882948_3467130224357547860_n-1024x1024.jpg","contentUrl":"https:\/\/miauka.com\/wp-content\/uploads\/2026\/04\/401812696_17903479925882948_3467130224357547860_n-1024x1024.jpg"},{"@type":"BreadcrumbList","@id":"https:\/\/miauka.com\/hotel\/#breadcrumb","itemListElement":[{"@type":"ListItem","position":1,"name":"Portada","item":"https:\/\/miauka.com\/"},{"@type":"ListItem","position":2,"name":"Hotel"}]},{"@type":"WebSite","@id":"https:\/\/miauka.com\/#website","url":"https:\/\/miauka.com\/","name":"Miauka","description":"","publisher":{"@id":"https:\/\/miauka.com\/#organization"},"potentialAction":[{"@type":"SearchAction","target":{"@type":"EntryPoint","urlTemplate":"https:\/\/miauka.com\/?s={search_term_string}"},"query-input":{"@type":"PropertyValueSpecification","valueRequired":true,"valueName":"search_term_string"}}],"inLanguage":"eu"},{"@type":"Organization","@id":"https:\/\/miauka.com\/#organization","name":"Miauka","url":"https:\/\/miauka.com\/","logo":{"@type":"ImageObject","inLanguage":"eu","@id":"https:\/\/miauka.com\/#\/schema\/logo\/image\/","url":"https:\/\/miauka.com\/wp-content\/uploads\/2026\/03\/cropped-1.png","contentUrl":"https:\/\/miauka.com\/wp-content\/uploads\/2026\/03\/cropped-1.png","width":2000,"height":574,"caption":"Miauka"},"image":{"@id":"https:\/\/miauka.com\/#\/schema\/logo\/image\/"}}]}},"_links":{"self":[{"href":"https:\/\/miauka.com\/eu\/wp-json\/wp\/v2\/pages\/1959","targetHints":{"allow":["GET"]}}],"collection":[{"href":"https:\/\/miauka.com\/eu\/wp-json\/wp\/v2\/pages"}],"about":[{"href":"https:\/\/miauka.com\/eu\/wp-json\/wp\/v2\/types\/page"}],"author":[{"embeddable":true,"href":"https:\/\/miauka.com\/eu\/wp-json\/wp\/v2\/users\/1"}],"replies":[{"embeddable":true,"href":"https:\/\/miauka.com\/eu\/wp-json\/wp\/v2\/comments?post=1959"}],"version-history":[{"count":187,"href":"https:\/\/miauka.com\/eu\/wp-json\/wp\/v2\/pages\/1959\/revisions"}],"predecessor-version":[{"id":2504,"href":"https:\/\/miauka.com\/eu\/wp-json\/wp\/v2\/pages\/1959\/revisions\/2504"}],"wp:attachment":[{"href":"https:\/\/miauka.com\/eu\/wp-json\/wp\/v2\/media?parent=1959"}],"curies":[{"name":"wp","href":"https:\/\/api.w.org\/{rel}","templated":true}]}}